{"id":4196,"date":"2025-11-07T07:08:30","date_gmt":"2025-11-07T06:08:30","guid":{"rendered":"https:\/\/beachemie.com\/?page_id=4196"},"modified":"2025-11-07T07:21:04","modified_gmt":"2025-11-07T06:21:04","slug":"meet-us-on-fi-paris","status":"publish","type":"page","link":"https:\/\/beachemie.com\/en\/meet-us-on-fi-paris\/","title":{"rendered":"Meet us on Fi Paris"},"content":{"rendered":"<div data-elementor-type=\"wp-page\" data-elementor-id=\"4196\" class=\"elementor elementor-4196\" data-elementor-post-type=\"page\">\n\t\t\t\t\t\t<section data-dce-background-image-url=\"https:\/\/beachemie.com\/wp-content\/uploads\/2025\/09\/IMG_0501_quer.jpg\" data-dce-background-overlay-image-url=\"https:\/\/www.beachemie.com\/wp-content\/uploads\/2023\/02\/bea-punkte-rechts-oben-weiss_40.png\" class=\"elementor-section elementor-top-section elementor-element elementor-element-9b89f5e elementor-section-height-min-height elementor-section-items-bottom elementor-section-boxed elementor-section-height-default\" data-id=\"9b89f5e\" data-element_type=\"section\" data-e-type=\"section\" data-settings=\"{&quot;background_background&quot;:&quot;classic&quot;}\">\n\t\t\t\t\t\t\t<div class=\"elementor-background-overlay\"><\/div>\n\t\t\t\t\t\t\t<div class=\"elementor-container elementor-column-gap-default\">\n\t\t\t\t\t<div class=\"elementor-column elementor-col-100 elementor-top-column elementor-element elementor-element-8c9dae4\" data-id=\"8c9dae4\" data-element_type=\"column\" data-e-type=\"column\">\n\t\t\t<div class=\"elementor-widget-wrap elementor-element-populated\">\n\t\t\t\t\t\t<div class=\"elementor-element elementor-element-3457104 elementor-widget elementor-widget-heading\" data-id=\"3457104\" data-element_type=\"widget\" data-e-type=\"widget\" data-widget_type=\"heading.default\">\n\t\t\t\t<div class=\"elementor-widget-container\">\n\t\t\t\t\t<h1 class=\"elementor-heading-title elementor-size-default\">Meet us on Fi Paris<\/h1>\t\t\t\t<\/div>\n\t\t\t\t<\/div>\n\t\t\t\t<div class=\"elementor-element elementor-element-6c39ffa elementor-widget elementor-widget-heading\" data-id=\"6c39ffa\" data-element_type=\"widget\" data-e-type=\"widget\" data-widget_type=\"heading.default\">\n\t\t\t\t<div class=\"elementor-widget-container\">\n\t\t\t\t\t<h3 class=\"elementor-heading-title elementor-size-default\">2 - 4 December 2025<\/h3>\t\t\t\t<\/div>\n\t\t\t\t<\/div>\n\t\t\t\t\t<\/div>\n\t\t<\/div>\n\t\t\t\t\t<\/div>\n\t\t<\/section>\n\t\t\t\t<section class=\"elementor-section elementor-top-section elementor-element elementor-element-dc52a8d elementor-section-boxed elementor-section-height-default elementor-section-height-default\" data-id=\"dc52a8d\" data-element_type=\"section\" data-e-type=\"section\">\n\t\t\t\t\t\t<div class=\"elementor-container elementor-column-gap-default\">\n\t\t\t\t\t<div class=\"elementor-column elementor-col-100 elementor-top-column elementor-element elementor-element-b73244d\" data-id=\"b73244d\" data-element_type=\"column\" data-e-type=\"column\">\n\t\t\t<div class=\"elementor-widget-wrap elementor-element-populated\">\n\t\t\t\t\t\t<div class=\"elementor-element elementor-element-d4858ea elementor-widget elementor-widget-heading\" data-id=\"d4858ea\" data-element_type=\"widget\" data-e-type=\"widget\" data-widget_type=\"heading.default\">\n\t\t\t\t<div class=\"elementor-widget-container\">\n\t\t\t\t\t<h2 class=\"elementor-heading-title elementor-size-default\">Let\u2019s talk about innovation, ingredients &amp; ideas<\/h2>\t\t\t\t<\/div>\n\t\t\t\t<\/div>\n\t\t\t\t<div class=\"elementor-element elementor-element-93de45f elementor-widget elementor-widget-text-editor\" data-id=\"93de45f\" data-element_type=\"widget\" data-e-type=\"widget\" data-widget_type=\"text-editor.default\">\n\t\t\t\t<div class=\"elementor-widget-container\">\n\t\t\t\t\t\t\t\t\t<p data-start=\"257\" data-end=\"567\">Even without its own stand, beachemie will be represented at Fi Europe in Paris \u2013 and we look forward to meeting you in person!<br data-start=\"391\" data-end=\"394\" \/>Our representatives will be on site every day of the trade fair and will be available for individual discussions about our product solutions and innovations.<\/p><p data-start=\"569\" data-end=\"781\">Whether you would like to learn more about our latest developments, discuss a possible collaboration, or simply engage in conversation, please schedule an appointment now. We are happy to make time for you.<\/p><p data-start=\"783\" data-end=\"870\"><strong data-start=\"786\" data-end=\"868\">Meet us at Fi Europe in Paris \u2013 we look forward to talking to you!<\/strong><\/p>\t\t\t\t\t\t\t\t<\/div>\n\t\t\t\t<\/div>\n\t\t\t\t<div class=\"elementor-element elementor-element-2c53174 elementor-button-align-stretch elementor-widget elementor-widget-form\" data-id=\"2c53174\" data-element_type=\"widget\" data-e-type=\"widget\" data-settings=\"{&quot;step_next_label&quot;:&quot;N\\u00e4chster&quot;,&quot;step_previous_label&quot;:&quot;Voriger&quot;,&quot;button_width&quot;:&quot;100&quot;,&quot;step_type&quot;:&quot;number_text&quot;,&quot;step_icon_shape&quot;:&quot;circle&quot;}\" data-widget_type=\"form.default\">\n\t\t\t\t<div class=\"elementor-widget-container\">\n\t\t\t\t\t\t\t<form class=\"elementor-form\" method=\"post\" name=\"Neues Formular\" aria-label=\"Neues Formular\" action=\"\">\n\t\t\t<input type=\"hidden\" name=\"post_id\" value=\"4196\"\/>\n\t\t\t<input type=\"hidden\" name=\"form_id\" value=\"2c53174\"\/>\n\t\t\t<input type=\"hidden\" name=\"referer_title\" value=\"Meet us on Fi Paris - beachemie GmbH\" \/>\n\n\t\t\t\t\t\t\t<input type=\"hidden\" name=\"queried_id\" value=\"4196\"\/>\n\t\t\t\n\t\t\t<div class=\"elementor-form-fields-wrapper elementor-labels-\">\n\t\t\t\t\t\t\t\t<div class=\"elementor-field-type-radio elementor-field-group elementor-column elementor-field-group-field_0d91908 elementor-col-100 elementor-md-100\">\n\t\t\t\t\t<div class=\"elementor-field-subgroup  elementor-subgroup-inline\"><span class=\"elementor-field-option\"><input type=\"radio\" value=\"Frau\" id=\"form-field-field_0d91908-0\" name=\"form_fields[field_0d91908]\"> <label for=\"form-field-field_0d91908-0\">Mrs<\/label><\/span><span class=\"elementor-field-option\"><input type=\"radio\" value=\"Herr\" id=\"form-field-field_0d91908-1\" name=\"form_fields[field_0d91908]\"> <label for=\"form-field-field_0d91908-1\">Mr<\/label><\/span><\/div>\t\t\t\t<\/div>\n\t\t\t\t\t\t\t\t<div class=\"elementor-field-type-text elementor-field-group elementor-column elementor-field-group-name elementor-col-50 elementor-md-100\">\n\t\t\t\t\t\t\t\t\t\t\t\t\t<input size=\"1\" type=\"text\" name=\"form_fields[name]\" id=\"form-field-name\" class=\"elementor-field elementor-size-sm  elementor-field-textual\" placeholder=\"First name\">\n\t\t\t\t\t\t\t\t\t\t\t<\/div>\n\t\t\t\t\t\t\t\t<div class=\"elementor-field-type-text elementor-field-group elementor-column elementor-field-group-field_2cd3378 elementor-col-50 elementor-md-100 elementor-field-required\">\n\t\t\t\t\t\t\t\t\t\t\t\t\t<input size=\"1\" type=\"text\" name=\"form_fields[field_2cd3378]\" id=\"form-field-field_2cd3378\" class=\"elementor-field elementor-size-sm  elementor-field-textual\" placeholder=\"Surname*\" required=\"required\">\n\t\t\t\t\t\t\t\t\t\t\t<\/div>\n\t\t\t\t\t\t\t\t<div class=\"elementor-field-type-text elementor-field-group elementor-column elementor-field-group-field_830746d elementor-col-100\">\n\t\t\t\t\t\t\t\t\t\t\t\t\t<input size=\"1\" type=\"text\" name=\"form_fields[field_830746d]\" id=\"form-field-field_830746d\" class=\"elementor-field elementor-size-sm  elementor-field-textual\" placeholder=\"Company\">\n\t\t\t\t\t\t\t\t\t\t\t<\/div>\n\t\t\t\t\t\t\t\t<div class=\"elementor-field-type-text elementor-field-group elementor-column elementor-field-group-field_5a3af1f elementor-col-100 elementor-field-required\">\n\t\t\t\t\t\t\t\t\t\t\t\t\t<input size=\"1\" type=\"text\" name=\"form_fields[field_5a3af1f]\" id=\"form-field-field_5a3af1f\" class=\"elementor-field elementor-size-sm  elementor-field-textual\" placeholder=\"Telephone \/ Mobile*\" required=\"required\">\n\t\t\t\t\t\t\t\t\t\t\t<\/div>\n\t\t\t\t\t\t\t\t<div class=\"elementor-field-type-email elementor-field-group elementor-column elementor-field-group-email elementor-col-100 elementor-field-required\">\n\t\t\t\t\t\t\t\t\t\t\t\t<label for=\"form-field-email\" class=\"elementor-field-label elementor-screen-only\">\n\t\t\t\t\t\t\t\tE-Mail\t\t\t\t\t\t\t<\/label>\n\t\t\t\t\t\t\t\t\t\t\t\t\t\t<input size=\"1\" type=\"email\" name=\"form_fields[email]\" id=\"form-field-email\" class=\"elementor-field elementor-size-sm  elementor-field-textual\" placeholder=\"E-Mail*\" required=\"required\">\n\t\t\t\t\t\t\t\t\t\t\t<\/div>\n\t\t\t\t\t\t\t\t<div class=\"elementor-field-type-textarea elementor-field-group elementor-column elementor-field-group-message elementor-col-100 elementor-field-required\">\n\t\t\t\t\t<textarea class=\"elementor-field-textual elementor-field  elementor-size-sm\" name=\"form_fields[message]\" id=\"form-field-message\" rows=\"4\" placeholder=\"Preferred topics of conversation\" required=\"required\"><\/textarea>\t\t\t\t<\/div>\n\t\t\t\t\t\t\t\t<div class=\"elementor-field-type-checkbox elementor-field-group elementor-column elementor-field-group-field_e708b26 elementor-col-100\">\n\t\t\t\t\t<div class=\"elementor-field-subgroup\"><span class=\"elementor-field-option\"><input type=\"checkbox\" value=\"Bitte nehmen Sie Kontakt mit mir auf\" id=\"form-field-field_e708b26-0\" name=\"form_fields[field_e708b26]\"> <label for=\"form-field-field_e708b26-0\">Please contact me<\/label><\/span><\/div>\t\t\t\t<\/div>\n\t\t\t\t\t\t\t\t<div class=\"elementor-field-group elementor-column elementor-field-type-submit elementor-col-100 e-form__buttons\">\n\t\t\t\t\t<button class=\"elementor-button elementor-size-sm\" type=\"submit\">\n\t\t\t\t\t\t<span class=\"elementor-button-content-wrapper\">\n\t\t\t\t\t\t\t\t\t\t\t\t\t\t\t\t\t\t\t\t\t\t<span class=\"elementor-button-text\">Send<\/span>\n\t\t\t\t\t\t\t\t\t\t\t\t\t<\/span>\n\t\t\t\t\t<\/button>\n\t\t\t\t<\/div>\n\t\t\t<\/div>\n\t\t<input type=\"hidden\" name=\"trp-form-language\" value=\"en\"\/><\/form>\n\t\t\t\t\t\t<\/div>\n\t\t\t\t<\/div>\n\t\t\t\t\t<\/div>\n\t\t<\/div>\n\t\t\t\t\t<\/div>\n\t\t<\/section>\n\t\t\t\t<\/div>","protected":false},"excerpt":{"rendered":"<p>Meet us on Fi Paris 2 &#8211; 4 December 2025 Let\u2019s talk about innovation, ingredients &amp; ideas Auch ohne eigenen Stand ist beachemie auf der Fi Europe in Paris vertreten \u2013 und wir freuen uns darauf, Sie pers\u00f6nlich zu treffen!Unsere Ansprechpartner sind an allen Messetagen vor Ort und stehen f\u00fcr individuelle Gespr\u00e4che rund um unsere [&hellip;]<\/p>","protected":false},"author":3,"featured_media":0,"parent":0,"menu_order":0,"comment_status":"closed","ping_status":"closed","template":"","meta":{"_acf_changed":false,"footnotes":""},"class_list":["post-4196","page","type-page","status-publish","hentry","wpbf-post"],"acf":[],"_links":{"self":[{"href":"https:\/\/beachemie.com\/en\/wp-json\/wp\/v2\/pages\/4196","targetHints":{"allow":["GET"]}}],"collection":[{"href":"https:\/\/beachemie.com\/en\/wp-json\/wp\/v2\/pages"}],"about":[{"href":"https:\/\/beachemie.com\/en\/wp-json\/wp\/v2\/types\/page"}],"author":[{"embeddable":true,"href":"https:\/\/beachemie.com\/en\/wp-json\/wp\/v2\/users\/3"}],"replies":[{"embeddable":true,"href":"https:\/\/beachemie.com\/en\/wp-json\/wp\/v2\/comments?post=4196"}],"version-history":[{"count":10,"href":"https:\/\/beachemie.com\/en\/wp-json\/wp\/v2\/pages\/4196\/revisions"}],"predecessor-version":[{"id":4218,"href":"https:\/\/beachemie.com\/en\/wp-json\/wp\/v2\/pages\/4196\/revisions\/4218"}],"wp:attachment":[{"href":"https:\/\/beachemie.com\/en\/wp-json\/wp\/v2\/media?parent=4196"}],"curies":[{"name":"wp","href":"https:\/\/api.w.org\/{rel}","templated":true}]}}