{"id":1921,"date":"2022-09-03T08:08:52","date_gmt":"2022-09-03T06:08:52","guid":{"rendered":"https:\/\/www.beachemie.com\/?page_id=1921"},"modified":"2026-03-04T07:16:11","modified_gmt":"2026-03-04T06:16:11","slug":"news","status":"publish","type":"page","link":"https:\/\/beachemie.com\/en\/news\/","title":{"rendered":"News"},"content":{"rendered":"<div data-elementor-type=\"wp-page\" data-elementor-id=\"1921\" class=\"elementor elementor-1921\" data-elementor-post-type=\"page\">\n\t\t\t\t\t\t<section data-dce-background-image-url=\"https:\/\/beachemie.com\/wp-content\/uploads\/2023\/04\/IMG_0069.jpg\" data-dce-background-overlay-image-url=\"https:\/\/www.beachemie.com\/wp-content\/uploads\/2022\/02\/neu_punkte-blau-oben-links.png\" class=\"elementor-section elementor-top-section elementor-element elementor-element-2268aaa elementor-section-height-min-height elementor-section-items-bottom elementor-section-boxed elementor-section-height-default\" data-id=\"2268aaa\" data-element_type=\"section\" data-e-type=\"section\" data-settings=\"{&quot;background_background&quot;:&quot;classic&quot;}\">\n\t\t\t\t\t\t\t<div class=\"elementor-background-overlay\"><\/div>\n\t\t\t\t\t\t\t<div class=\"elementor-container elementor-column-gap-default\">\n\t\t\t\t\t<div class=\"elementor-column elementor-col-100 elementor-top-column elementor-element elementor-element-2650c49b\" data-id=\"2650c49b\" data-element_type=\"column\" data-e-type=\"column\">\n\t\t\t<div class=\"elementor-widget-wrap elementor-element-populated\">\n\t\t\t\t\t\t<div class=\"elementor-element elementor-element-1380f11c elementor-widget elementor-widget-heading\" data-id=\"1380f11c\" data-element_type=\"widget\" data-e-type=\"widget\" data-widget_type=\"heading.default\">\n\t\t\t\t<div class=\"elementor-widget-container\">\n\t\t\t\t\t<h1 class=\"elementor-heading-title elementor-size-default\">News<\/h1>\t\t\t\t<\/div>\n\t\t\t\t<\/div>\n\t\t\t\t\t<\/div>\n\t\t<\/div>\n\t\t\t\t\t<\/div>\n\t\t<\/section>\n\t\t\t\t<section class=\"elementor-section elementor-top-section elementor-element elementor-element-1142961 elementor-section-boxed elementor-section-height-default elementor-section-height-default\" data-id=\"1142961\" data-element_type=\"section\" data-e-type=\"section\">\n\t\t\t\t\t\t<div class=\"elementor-container elementor-column-gap-default\">\n\t\t\t\t\t<div class=\"elementor-column elementor-col-100 elementor-top-column elementor-element elementor-element-ee11716\" data-id=\"ee11716\" data-element_type=\"column\" data-e-type=\"column\">\n\t\t\t<div class=\"elementor-widget-wrap elementor-element-populated\">\n\t\t\t\t\t\t<div class=\"elementor-element elementor-element-15e8e00 dce-col-3 dce-posts-layout-default dce-col-tablet-3 dce-col-mobile-1 dce-align-left elementor-widget elementor-widget-dce-dynamicposts-v2\" data-id=\"15e8e00\" data-element_type=\"widget\" data-e-type=\"widget\" data-settings=\"{&quot;templatemode_linkable&quot;:&quot;yes&quot;,&quot;grid_match_height&quot;:&quot;yes&quot;,&quot;style_items&quot;:&quot;default&quot;,&quot;grid_grid_type&quot;:&quot;flex&quot;}\" data-widget_type=\"dce-dynamicposts-v2.grid\">\n\t\t\t\t<div class=\"elementor-widget-container\">\n\t\t\t\t\t\n\t\t<div class=\"dce-fix-background-loop dce-posts-container dce-posts dce-dynamic-posts-collection  dce-skin-grid dce-skin-grid-flex\">\n\t\t\t\t\t\t<div class=\"dce-posts-wrapper dce-wrapper-grid\">\n\t\t\t\n\t\t<article class=\"post-4262 post type-post status-publish format-standard has-post-thumbnail hentry category-uncategorized wpbf-post dce-post dce-post-item dce-item-grid\" data-dce-post-id=\"4262\" data-dce-post-index=\"0\" data-post-link=\"https:\/\/beachemie.com\/en\/beachemie-auf-der-groessten-food-messe-frankreichs-vertreten\/\">\n\t\t\t<div class=\"dce-post-block\">\n\t\t<div class=\"dce-item dce-item_image elementor-repeater-item-69aff28\"><a class=\"dce-post-image\" href=\"https:\/\/beachemie.com\/en\/beachemie-auf-der-groessten-food-messe-frankreichs-vertreten\/\"><figure data-image-ratio=\"1\" class=\"dce-img\"><img fetchpriority=\"high\" decoding=\"async\" width=\"930\" height=\"1024\" src=\"https:\/\/beachemie.com\/wp-content\/uploads\/2026\/03\/Kreglinger-930x1024.jpg\" class=\"\" alt=\"Beachemie auf der gr\u00f6\u00dften Food-Messe Frankreichs vertreten\" srcset=\"https:\/\/beachemie.com\/wp-content\/uploads\/2026\/03\/Kreglinger-930x1024.jpg 930w, https:\/\/beachemie.com\/wp-content\/uploads\/2026\/03\/Kreglinger-272x300.jpg 272w, https:\/\/beachemie.com\/wp-content\/uploads\/2026\/03\/Kreglinger-768x846.jpg 768w, https:\/\/beachemie.com\/wp-content\/uploads\/2026\/03\/Kreglinger-1395x1536.jpg 1395w, https:\/\/beachemie.com\/wp-content\/uploads\/2026\/03\/Kreglinger-1859x2048.jpg 1859w, https:\/\/beachemie.com\/wp-content\/uploads\/2026\/03\/Kreglinger-11x12.jpg 11w\" sizes=\"(max-width: 930px) 100vw, 930px\" \/><\/figure><\/a><\/div><div class=\"dce-item dce-item_date elementor-repeater-item-4a3ef8b\">\t\t<div class=\"dce-post-date\">14.03.2026<\/div><\/div><div class=\"dce-item dce-item_title elementor-repeater-item-39532ad\"><h3 class=\"dce-post-title\"><a href=\"https:\/\/beachemie.com\/en\/beachemie-auf-der-groessten-food-messe-frankreichs-vertreten\/\">Beachemie presented at one of France\u2019s largest food trade fairs<\/a><\/h3><\/div><div class=\"dce-item dce-item_content elementor-repeater-item-4c6e613\"><div class=\"dce-post-content\">Unser franz\u00f6sischer Distributor Kreglinger hat beachemie auf einer der gr\u00f6\u00dften Food-Messen Frankreichs pr\u00e4sentiert. Auf ihrem Messestand wurden unsere Produkte einem internationalen Fachpublikum aus der Lebensmittelbranche vorgestellt. Die Messe z\u00e4hlt zu den wichtigsten Treffpunkten f\u00fcr Hersteller, H\u00e4ndler und Entscheider aus der Lebensmittelindustrie. F\u00fcr uns ist die Pr\u00e4senz auf solchen Veranstaltungen ein wichtiger Baustein, um unsere L\u00f6sungen [&hellip;]<\/div><\/div><div class=\"dce-item dce-item_readmore elementor-repeater-item-60e7149\">\t\t<div class=\"dce-post-button\">\n\t\t\t<a href=\"https:\/\/beachemie.com\/en\/beachemie-auf-der-groessten-food-messe-frankreichs-vertreten\/\" class=\"elementor-button-link elementor-button dce-button elementor-size-sm\" role=\"button\" >\n\t\t\tRead more\t\t\t<\/a>\n\t\t<\/div>\n\t\t<\/div>\t\t\t<\/div>\n\t\t<\/article>\n\t\t\n\t\t<article class=\"post-4086 post type-post status-publish format-standard has-post-thumbnail hentry category-uncategorized wpbf-post dce-post dce-post-item dce-item-grid\" data-dce-post-id=\"4086\" data-dce-post-index=\"1\" data-post-link=\"https:\/\/beachemie.com\/en\/fisa-2025\/\">\n\t\t\t<div class=\"dce-post-block\">\n\t\t<div class=\"dce-item dce-item_image elementor-repeater-item-69aff28\"><a class=\"dce-post-image\" href=\"https:\/\/beachemie.com\/en\/fisa-2025\/\"><figure data-image-ratio=\"1\" class=\"dce-img\"><img decoding=\"async\" width=\"1000\" height=\"750\" src=\"https:\/\/beachemie.com\/wp-content\/uploads\/2025\/09\/IMG_0501_quer.jpg\" class=\"\" alt=\"Fi South America 2025\" srcset=\"https:\/\/beachemie.com\/wp-content\/uploads\/2025\/09\/IMG_0501_quer.jpg 1000w, https:\/\/beachemie.com\/wp-content\/uploads\/2025\/09\/IMG_0501_quer-300x225.jpg 300w, https:\/\/beachemie.com\/wp-content\/uploads\/2025\/09\/IMG_0501_quer-768x576.jpg 768w, https:\/\/beachemie.com\/wp-content\/uploads\/2025\/09\/IMG_0501_quer-16x12.jpg 16w\" sizes=\"(max-width: 1000px) 100vw, 1000px\" \/><\/figure><\/a><\/div><div class=\"dce-item dce-item_date elementor-repeater-item-4a3ef8b\">\t\t<div class=\"dce-post-date\">20.09.2025<\/div><\/div><div class=\"dce-item dce-item_title elementor-repeater-item-39532ad\"><h3 class=\"dce-post-title\"><a href=\"https:\/\/beachemie.com\/en\/fisa-2025\/\">Fi South America 2025<\/a><\/h3><\/div><div class=\"dce-item dce-item_content elementor-repeater-item-4c6e613\"><div class=\"dce-post-content\">Die Fi South America (FISA) z\u00e4hlt zu den wichtigsten internationalen Fachmessen f\u00fcr Lebensmittelzutaten und -zusatzstoffe in S\u00fcdamerika. Jedes Jahr treffen sich hier Hersteller, Zulieferer, H\u00e4ndler und Entscheidungstr\u00e4ger der Food-&amp;-Beverage-Branche, um neueste Entwicklungen zu entdecken, Trends zu diskutieren und neue Partnerschaften zu kn\u00fcpfen. Auch die beachemie war 2025 mit dabei: Gesch\u00e4ftsf\u00fchrer Oliver Kolbe und Senior Sales [&hellip;]<\/div><\/div><div class=\"dce-item dce-item_readmore elementor-repeater-item-60e7149\">\t\t<div class=\"dce-post-button\">\n\t\t\t<a href=\"https:\/\/beachemie.com\/en\/fisa-2025\/\" class=\"elementor-button-link elementor-button dce-button elementor-size-sm\" role=\"button\" >\n\t\t\tRead more\t\t\t<\/a>\n\t\t<\/div>\n\t\t<\/div>\t\t\t<\/div>\n\t\t<\/article>\n\t\t\n\t\t<article class=\"post-3371 post type-post status-publish format-standard has-post-thumbnail hentry category-uncategorized wpbf-post dce-post dce-post-item dce-item-grid\" data-dce-post-id=\"3371\" data-dce-post-index=\"2\" data-post-link=\"https:\/\/beachemie.com\/en\/innovativ-nachhaltig-erfolgreich-salze-fu%cc%88rs-leben\/\">\n\t\t\t<div class=\"dce-post-block\">\n\t\t<div class=\"dce-item dce-item_image elementor-repeater-item-69aff28\"><a class=\"dce-post-image\" href=\"https:\/\/beachemie.com\/en\/innovativ-nachhaltig-erfolgreich-salze-fu%cc%88rs-leben\/\"><figure data-image-ratio=\"1\" class=\"dce-img\"><img decoding=\"async\" width=\"1024\" height=\"683\" src=\"https:\/\/beachemie.com\/wp-content\/uploads\/2023\/07\/M2-23_BeaChemie_-_DSC28712871-1024x683.jpg\" class=\"\" alt=\"Innovativ, nachhaltig, erfolgreich \u2013 Salze fu\u0308rs Leben\" srcset=\"https:\/\/beachemie.com\/wp-content\/uploads\/2023\/07\/M2-23_BeaChemie_-_DSC28712871-1024x683.jpg 1024w, https:\/\/beachemie.com\/wp-content\/uploads\/2023\/07\/M2-23_BeaChemie_-_DSC28712871-300x200.jpg 300w, https:\/\/beachemie.com\/wp-content\/uploads\/2023\/07\/M2-23_BeaChemie_-_DSC28712871-768x512.jpg 768w, https:\/\/beachemie.com\/wp-content\/uploads\/2023\/07\/M2-23_BeaChemie_-_DSC28712871-1536x1024.jpg 1536w, https:\/\/beachemie.com\/wp-content\/uploads\/2023\/07\/M2-23_BeaChemie_-_DSC28712871-2048x1366.jpg 2048w, https:\/\/beachemie.com\/wp-content\/uploads\/2023\/07\/M2-23_BeaChemie_-_DSC28712871-18x12.jpg 18w\" sizes=\"(max-width: 1024px) 100vw, 1024px\" \/><\/figure><\/a><\/div><div class=\"dce-item dce-item_date elementor-repeater-item-4a3ef8b\">\t\t<div class=\"dce-post-date\">06.07.2023<\/div><\/div><div class=\"dce-item dce-item_title elementor-repeater-item-39532ad\"><h3 class=\"dce-post-title\"><a href=\"https:\/\/beachemie.com\/en\/innovativ-nachhaltig-erfolgreich-salze-fu%cc%88rs-leben\/\">Innovativ, nachhaltig, erfolgreich \u2013 Salze fu\u0308rs Leben<\/a><\/h3><\/div><div class=\"dce-item dce-item_content elementor-repeater-item-4c6e613\"><div class=\"dce-post-content\">Salze der Essigs\u00e4ure \u2013 diese Produkte sind nicht neu. Doch die Art und Weise, wie sie hergestellt werden, k\u00f6nnte ausgerechnet in einem Unternehmen im Chemiepark Bitterfeld-Wolfen revolutioniert werden. Hinter der Neuansiedlung beachemie in der Parsevalstra\u00dfe steht ein innovatives Konzept. Wenn Oliver Kolbe und Dr. Markus Oster aus ihren B\u00fcrofenstern in der Parsevalstra\u00dfe schauen, dann sehen [&hellip;]<\/div><\/div><div class=\"dce-item dce-item_readmore elementor-repeater-item-60e7149\">\t\t<div class=\"dce-post-button\">\n\t\t\t<a href=\"https:\/\/beachemie.com\/en\/innovativ-nachhaltig-erfolgreich-salze-fu%cc%88rs-leben\/\" class=\"elementor-button-link elementor-button dce-button elementor-size-sm\" role=\"button\" >\n\t\t\tRead more\t\t\t<\/a>\n\t\t<\/div>\n\t\t<\/div>\t\t\t<\/div>\n\t\t<\/article>\n\t\t\n\t\t<article class=\"post-2081 post type-post status-publish format-standard has-post-thumbnail hentry category-uncategorized wpbf-post dce-post dce-post-item dce-item-grid\" data-dce-post-id=\"2081\" data-dce-post-index=\"3\" data-post-link=\"https:\/\/beachemie.com\/en\/millionen-fuer-haltbarkeit\/\">\n\t\t\t<div class=\"dce-post-block\">\n\t\t<div class=\"dce-item dce-item_image elementor-repeater-item-69aff28\"><a class=\"dce-post-image\" href=\"https:\/\/beachemie.com\/en\/millionen-fuer-haltbarkeit\/\"><figure data-image-ratio=\"1\" class=\"dce-img\"><img loading=\"lazy\" decoding=\"async\" width=\"1024\" height=\"657\" src=\"https:\/\/beachemie.com\/wp-content\/uploads\/2022\/09\/foto_artikel_beachemie-1024x657.jpg\" class=\"\" alt=\"Millionen fu\u0308r Haltbarkeit\" srcset=\"https:\/\/beachemie.com\/wp-content\/uploads\/2022\/09\/foto_artikel_beachemie-1024x657.jpg 1024w, https:\/\/beachemie.com\/wp-content\/uploads\/2022\/09\/foto_artikel_beachemie-300x192.jpg 300w, https:\/\/beachemie.com\/wp-content\/uploads\/2022\/09\/foto_artikel_beachemie-768x492.jpg 768w, https:\/\/beachemie.com\/wp-content\/uploads\/2022\/09\/foto_artikel_beachemie-1536x985.jpg 1536w, https:\/\/beachemie.com\/wp-content\/uploads\/2022\/09\/foto_artikel_beachemie-18x12.jpg 18w, https:\/\/beachemie.com\/wp-content\/uploads\/2022\/09\/foto_artikel_beachemie.jpg 1920w\" sizes=\"(max-width: 1024px) 100vw, 1024px\" \/><\/figure><\/a><\/div><div class=\"dce-item dce-item_date elementor-repeater-item-4a3ef8b\">\t\t<div class=\"dce-post-date\">10.09.2022<\/div><\/div><div class=\"dce-item dce-item_title elementor-repeater-item-39532ad\"><h3 class=\"dce-post-title\"><a href=\"https:\/\/beachemie.com\/en\/millionen-fuer-haltbarkeit\/\">Millionen fu\u0308r Haltbarkeit<\/a><\/h3><\/div><div class=\"dce-item dce-item_content elementor-repeater-item-4c6e613\"><div class=\"dce-post-content\">Bitterfelder Zeitung vom 03. September 2022 VON ULF ROSTALSKY In Bitterfeld baut die beachemie GmbH eine Anlage zur Herstellung von Salzen fu\u0308r die Lebensmittel- und Pharmaindustrie. Produktionsstart ist Anfang 2023. BITTERFELD\/MZ &#8211; Schwere Technik hat die gro\u00dfe Fl\u00e4che in Form gebracht. Bodenplatten und Fundamente sind gegossen. Das Stahlskelett eines Teils der sp\u00e4teren Produktionsst\u00e4tte steht, wird [&hellip;]<\/div><\/div><div class=\"dce-item dce-item_readmore elementor-repeater-item-60e7149\">\t\t<div class=\"dce-post-button\">\n\t\t\t<a href=\"https:\/\/beachemie.com\/en\/millionen-fuer-haltbarkeit\/\" class=\"elementor-button-link elementor-button dce-button elementor-size-sm\" role=\"button\" >\n\t\t\tRead more\t\t\t<\/a>\n\t\t<\/div>\n\t\t<\/div>\t\t\t<\/div>\n\t\t<\/article>\n\t\t\t\t\t<\/div>\n\t\t\t\t\t<\/div>\n\t\t\t\t\t\t<\/div>\n\t\t\t\t<\/div>\n\t\t\t\t\t<\/div>\n\t\t<\/div>\n\t\t\t\t\t<\/div>\n\t\t<\/section>\n\t\t\t\t<section data-dce-background-color=\"#E4E4E4\" class=\"elementor-section elementor-top-section elementor-element elementor-element-d782fdd elementor-section-boxed elementor-section-height-default elementor-section-height-default\" data-id=\"d782fdd\" data-element_type=\"section\" data-e-type=\"section\" data-settings=\"{&quot;background_background&quot;:&quot;classic&quot;}\">\n\t\t\t\t\t\t<div class=\"elementor-container elementor-column-gap-wide\">\n\t\t\t\t\t<div class=\"elementor-column elementor-col-100 elementor-top-column elementor-element elementor-element-df30e2e\" data-id=\"df30e2e\" data-element_type=\"column\" data-e-type=\"column\">\n\t\t\t<div class=\"elementor-widget-wrap elementor-element-populated\">\n\t\t\t\t\t\t<div class=\"elementor-element elementor-element-8bbe01a elementor-widget elementor-widget-heading\" data-id=\"8bbe01a\" data-element_type=\"widget\" data-e-type=\"widget\" data-widget_type=\"heading.default\">\n\t\t\t\t<div class=\"elementor-widget-container\">\n\t\t\t\t\t<h2 class=\"elementor-heading-title elementor-size-default\">beachemie@socialmedia<\/h2>\t\t\t\t<\/div>\n\t\t\t\t<\/div>\n\t\t\t\t\t<\/div>\n\t\t<\/div>\n\t\t\t\t\t<\/div>\n\t\t<\/section>\n\t\t\t\t<section data-dce-background-color=\"#E4E4E4\" class=\"elementor-section elementor-top-section elementor-element elementor-element-6206288 elementor-section-boxed elementor-section-height-default elementor-section-height-default\" data-id=\"6206288\" data-element_type=\"section\" data-e-type=\"section\" data-settings=\"{&quot;background_background&quot;:&quot;classic&quot;}\">\n\t\t\t\t\t\t<div class=\"elementor-container elementor-column-gap-no\">\n\t\t\t\t\t<div class=\"elementor-column elementor-col-100 elementor-top-column elementor-element elementor-element-6a35288\" data-id=\"6a35288\" data-element_type=\"column\" data-e-type=\"column\">\n\t\t\t<div class=\"elementor-widget-wrap elementor-element-populated\">\n\t\t\t\t\t\t<div class=\"elementor-element elementor-element-e9b0205 elementor-widget elementor-widget-shortcode\" data-id=\"e9b0205\" data-element_type=\"widget\" data-e-type=\"widget\" data-widget_type=\"shortcode.default\">\n\t\t\t\t<div class=\"elementor-widget-container\">\n\t\t\t\t\t\t\t<div class=\"elementor-shortcode\">[instagram-feed feed=1]<\/div>\n\t\t\t\t\t\t<\/div>\n\t\t\t\t<\/div>\n\t\t\t\t\t<\/div>\n\t\t<\/div>\n\t\t\t\t\t<\/div>\n\t\t<\/section>\n\t\t\t\t<\/div>","protected":false},"excerpt":{"rendered":"<p>Aktuell 04.03.2026 Neue Partnerschaft mit Kreglinger Europe Die Beachemie GmbH freut sich \u00fcber eine neue Partnerschaft mit Kreglinger Europe, einem international t\u00e4tigen Anbieter hochwertiger funktionaler Zutaten f\u00fcr die Lebensmittelindustrie. Mit dieser Zusammenarbeit erweitert Beachemie sein internationales Netzwerk und st\u00e4rkt den Zugang zu Kunden und M\u00e4rkten, die auf nat\u00fcrliche, nachhaltige und Clean-Label-L\u00f6sungen setzen. Gemeinsame Werte und [&hellip;]<\/p>","protected":false},"author":3,"featured_media":0,"parent":0,"menu_order":0,"comment_status":"closed","ping_status":"closed","template":"","meta":{"_acf_changed":false,"footnotes":""},"class_list":["post-1921","page","type-page","status-publish","hentry","wpbf-post"],"acf":[],"_links":{"self":[{"href":"https:\/\/beachemie.com\/en\/wp-json\/wp\/v2\/pages\/1921","targetHints":{"allow":["GET"]}}],"collection":[{"href":"https:\/\/beachemie.com\/en\/wp-json\/wp\/v2\/pages"}],"about":[{"href":"https:\/\/beachemie.com\/en\/wp-json\/wp\/v2\/types\/page"}],"author":[{"embeddable":true,"href":"https:\/\/beachemie.com\/en\/wp-json\/wp\/v2\/users\/3"}],"replies":[{"embeddable":true,"href":"https:\/\/beachemie.com\/en\/wp-json\/wp\/v2\/comments?post=1921"}],"version-history":[{"count":7,"href":"https:\/\/beachemie.com\/en\/wp-json\/wp\/v2\/pages\/1921\/revisions"}],"predecessor-version":[{"id":4248,"href":"https:\/\/beachemie.com\/en\/wp-json\/wp\/v2\/pages\/1921\/revisions\/4248"}],"wp:attachment":[{"href":"https:\/\/beachemie.com\/en\/wp-json\/wp\/v2\/media?parent=1921"}],"curies":[{"name":"wp","href":"https:\/\/api.w.org\/{rel}","templated":true}]}}